{"id":3991,"date":"2017-06-20T14:27:24","date_gmt":"2017-06-20T11:27:24","guid":{"rendered":"http:\/\/www.cosmatosgroup.com\/cosmatos\/?page_id=3991"},"modified":"2017-06-27T15:34:52","modified_gmt":"2017-06-27T12:34:52","slug":"izbor-vlasnika","status":"publish","type":"page","link":"https:\/\/www.cosmatosgroup.com\/cosmatos\/nase-usluge\/izbor-vlasnika\/","title":{"rendered":"Izbor Vlasnika"},"content":{"rendered":"<h1><div class=\"cosmatos-title-3\">Izbor Vlasnika<\/div><\/h1>\r\n<div class=\"cosmatos-content-2\">\r\n     <ul>\r\n          <li>Brzo otpremanje<\/li>\r\n          <li>Efikasano i fleksibilno izdavanje dokumentacije<\/li>\r\n          <li>Minimiziranje lu\u010dkih formalnosti<\/li>\r\n     <\/ul><br \/>\r\n     <ul>\r\n          <li>Povoljne tarife<\/li>\r\n          <li>Minimiziranje tro\u0161kova<\/li>\r\n          <li>Promena posade<\/li>\r\n          <li>Ankete<\/li>\r\n          <li>Oprema i odredbe<\/li>\r\n          <li>Agenti za\u0161tite<\/li>\r\n          <li>Tehni\u010dka podr\u0161ka<\/li>\r\n          <li>Bunkering<\/li>\r\n     <\/ul>\r\n<\/div>","protected":false},"excerpt":{"rendered":"Izbor Vlasnika Brzo otpremanje Efikasano i fleksibilno izdavanje dokumentacije Minimiziranje lu\u010dkih formalnosti Povoljne tarife Minimiziranje tro\u0161kova Promena posade Ankete Oprema i odredbe Agenti za\u0161tite Tehni\u010dka podr\u0161ka Bunkering","protected":false},"author":1,"featured_media":0,"parent":3987,"menu_order":1,"comment_status":"closed","ping_status":"closed","template":"","meta":[],"yst_prominent_words":[],"_links":{"self":[{"href":"https:\/\/www.cosmatosgroup.com\/cosmatos\/wp-json\/wp\/v2\/pages\/3991"}],"collection":[{"href":"https:\/\/www.cosmatosgroup.com\/cosmatos\/wp-json\/wp\/v2\/pages"}],"about":[{"href":"https:\/\/www.cosmatosgroup.com\/cosmatos\/wp-json\/wp\/v2\/types\/page"}],"author":[{"embeddable":true,"href":"https:\/\/www.cosmatosgroup.com\/cosmatos\/wp-json\/wp\/v2\/users\/1"}],"replies":[{"embeddable":true,"href":"https:\/\/www.cosmatosgroup.com\/cosmatos\/wp-json\/wp\/v2\/comments?post=3991"}],"version-history":[{"count":3,"href":"https:\/\/www.cosmatosgroup.com\/cosmatos\/wp-json\/wp\/v2\/pages\/3991\/revisions"}],"predecessor-version":[{"id":4227,"href":"https:\/\/www.cosmatosgroup.com\/cosmatos\/wp-json\/wp\/v2\/pages\/3991\/revisions\/4227"}],"up":[{"embeddable":true,"href":"https:\/\/www.cosmatosgroup.com\/cosmatos\/wp-json\/wp\/v2\/pages\/3987"}],"wp:attachment":[{"href":"https:\/\/www.cosmatosgroup.com\/cosmatos\/wp-json\/wp\/v2\/media?parent=3991"}],"wp:term":[{"taxonomy":"yst_prominent_words","embeddable":true,"href":"https:\/\/www.cosmatosgroup.com\/cosmatos\/wp-json\/wp\/v2\/yst_prominent_words?post=3991"}],"curies":[{"name":"wp","href":"https:\/\/api.w.org\/{rel}","templated":true}]}}