{"id":4016,"date":"2017-06-21T12:01:46","date_gmt":"2017-06-21T09:01:46","guid":{"rendered":"http:\/\/www.cosmatosgroup.com\/cosmatos\/?page_id=4016"},"modified":"2017-07-24T13:05:49","modified_gmt":"2017-07-24T10:05:49","slug":"projekti","status":"publish","type":"page","link":"https:\/\/www.cosmatosgroup.com\/cosmatos\/projekti\/","title":{"rendered":"Projekti"},"content":{"rendered":"<h1><div class=\"cosmatos-title-3\">Projekti<\/div><\/h1>\r\n<div class=\"cosmatos-content-3\">\r\nKroz na\u0161u dobro organizovanu mre\u017eu mo\u017eemo obezbediti planiranje projekata , organizaciju i koordinaciju istih \u0161irom sveta.<br \/><br \/>\r\nLokalno u Gr\u010dkoj i uop\u0161te na Balkanu, na\u0161e odeljenje projektovanja nudi studije na putu I organizaciju i koordinaciju projekata, koji uklju\u010duju selekciju poduzetnika dizanja operacije, kvantitet i kontrolu kvaliteta, kontrolu zaliha, kao i prevoz do krajnjeg odredi\u0161ta, uklju\u010dujuc\u0301i i Upotreba dizalica i usluga monta\u017ee, gde je to potrebno.<br \/><br \/>\r\nTokom godina stekli smo obimno iskustvo sa \u0161irokim spektrom tereta, kao \u0161to su transformatori, turbine, generatori i sve vrste ma\u0161ina.<br \/><br \/>\r\nNa\u0161 portfolio uklju\u010duje projekte kao \u0161to je polipropilen, postrojenja i vetroelektrane, kao i manje projekate kao \u0161to su transfer dizalice, bageri, generatori i mnoga druga roba koja zahteva poseban tretman.<br \/><br \/>\r\n<!--Our latest achievement includes the first wind mill park ever constructed in FYROM.<br \/><br \/>-->\r\n<div class=\"cosmatos-content-2\">\r\n     <ul>\r\n          <li>Aktivno postojanje  u Gr\u010dkoj, Bugarskoj, Makedoniji, Albaniji, Srbiji<\/li>\r\n          <li>Dizajn i organizacija projekta<\/li>\r\n          <li>Studija puteva , podr\u017eena izve\u0161tajima i fotografijama<\/li>\r\n          <li>Polje sajt inspekcija<\/li>\r\n          <li>Koordinacija sa vi\u0161e izvo\u0111a\u010da<\/li>\r\n          <li>Istovar utovar<\/li>\r\n          <li>Registracija vozila<\/li>\r\n          <li>Kori\u0161c\u0301enjem dizalice<\/li>\r\n          <li>Drumski transport<\/li>\r\n          <li>Carinske formalnosti<\/li>\r\n          <li>Procedure grani\u010dne kontrole<\/li>\r\n     <\/ul>\r\n<\/div>\r\n<\/div>","protected":false},"excerpt":{"rendered":"Projekti Kroz na\u0161u dobro organizovanu mre\u017eu mo\u017eemo obezbediti planiranje projekata , organizaciju i koordinaciju istih \u0161irom sveta. Lokalno u Gr\u010dkoj i uop\u0161te na Balkanu, na\u0161e odeljenje projektovanja nudi studije na putu I organizaciju i koordinaciju projekata, koji uklju\u010duju selekciju poduzetnika dizanja operacije, kvantitet i kontrolu kvaliteta, kontrolu zaliha, kao i prevoz do krajnjeg odredi\u0161ta, uklju\u010dujuc\u0301i &hellip; <a href=\"https:\/\/www.cosmatosgroup.com\/cosmatos\/projekti\/\" class=\"more-link\">Continue reading<span class=\"screen-reader-text\"> &#8220;Projekti&#8221;<\/span><\/a>","protected":false},"author":1,"featured_media":0,"parent":0,"menu_order":4,"comment_status":"closed","ping_status":"closed","template":"","meta":[],"yst_prominent_words":[],"_links":{"self":[{"href":"https:\/\/www.cosmatosgroup.com\/cosmatos\/wp-json\/wp\/v2\/pages\/4016"}],"collection":[{"href":"https:\/\/www.cosmatosgroup.com\/cosmatos\/wp-json\/wp\/v2\/pages"}],"about":[{"href":"https:\/\/www.cosmatosgroup.com\/cosmatos\/wp-json\/wp\/v2\/types\/page"}],"author":[{"embeddable":true,"href":"https:\/\/www.cosmatosgroup.com\/cosmatos\/wp-json\/wp\/v2\/users\/1"}],"replies":[{"embeddable":true,"href":"https:\/\/www.cosmatosgroup.com\/cosmatos\/wp-json\/wp\/v2\/comments?post=4016"}],"version-history":[{"count":2,"href":"https:\/\/www.cosmatosgroup.com\/cosmatos\/wp-json\/wp\/v2\/pages\/4016\/revisions"}],"predecessor-version":[{"id":4425,"href":"https:\/\/www.cosmatosgroup.com\/cosmatos\/wp-json\/wp\/v2\/pages\/4016\/revisions\/4425"}],"wp:attachment":[{"href":"https:\/\/www.cosmatosgroup.com\/cosmatos\/wp-json\/wp\/v2\/media?parent=4016"}],"wp:term":[{"taxonomy":"yst_prominent_words","embeddable":true,"href":"https:\/\/www.cosmatosgroup.com\/cosmatos\/wp-json\/wp\/v2\/yst_prominent_words?post=4016"}],"curies":[{"name":"wp","href":"https:\/\/api.w.org\/{rel}","templated":true}]}}