{"id":4041,"date":"2017-06-22T13:07:59","date_gmt":"2017-06-22T10:07:59","guid":{"rendered":"http:\/\/www.cosmatosgroup.com\/cosmatos\/?page_id=4041"},"modified":"2019-01-28T19:03:21","modified_gmt":"2019-01-28T16:03:21","slug":"polozaj-na-karti-kontakt-detalji","status":"publish","type":"page","link":"https:\/\/www.cosmatosgroup.com\/cosmatos\/kontaktirajte-nas\/polozaj-na-karti-kontakt-detalji\/","title":{"rendered":"Polo\u017eaj Na Karti i Kontakt Detalji"},"content":{"rendered":"<h1><div class=\"cosmatos-title-3\">Polo\u017eaj Na Karti i Kontakt Detalji<\/div><\/h1>\r\n<iframe frameborder=\"0\" height=\"408\" src=\"https:\/\/www.google.com\/maps?f=q&amp;source=s_q&amp;hl=en&amp;geocode=&amp;q=%CE%99%CF%89%CE%AC%CE%BD%CE%BD%CE%B7+%CE%9A%CF%89%CE%BB%CE%AD%CF%84%CF%84%CE%B7+5,+%CE%98%CE%B5%CF%83%CF%83%CE%B1%CE%BB%CE%BF%CE%BD%CE%AF%CE%BA%CE%B7,+54627,+%CE%95%CE%BB%CE%BB%CE%AC%CE%B4%CE%B1&amp;aq=0&amp;oq=%CE%BA%CF%89%CE%BB%CE%B5%CF%84%CF%84%CE%B7+5,+%CE%B8%CE%B5%CF%83%CF%83%CE%B1%CE%BB%CE%BF%CE%BD%CE%B9%CE%BA%CE%B7,+54627+&amp;sll=40.658111,22.954219&amp;sspn=0.014601,0.033023&amp;ie=UTF8&amp;hq=&amp;hnear=%CE%99%CF%89%CE%AC%CE%BD%CE%BD%CE%B7+%CE%9A%CF%89%CE%BB%CE%AD%CF%84%CF%84%CE%B7+5,+%CE%98%CE%B5%CF%83%CF%83%CE%B1%CE%BB%CE%BF%CE%BD%CE%AF%CE%BA%CE%B7,+%CE%95%CE%BB%CE%BB%CE%AC%CE%B4%CE%B1&amp;t=m&amp;ll=40.651667,22.91954&amp;spn=0.024745,0.008497&amp;z=14&amp;iwloc=A&amp;output=embed\" style=\"border:0\" width=\"800\"><\/iframe>\r\n<div class=\"cosmatos-title-2\">Adresa<\/div>\r\n<div class=\"cosmatos-content-3\">Koleti 5,<br\/>Po\u0161tanski broj 546 27,<br \/>Solun, Gr\u010dka<br \/><br \/><\/div>\r\n<div class=\"cosmatos-title-2\">Kontakt<\/div>\r\n<div class=\"cosmatos-content-3\"><h7>Web:<\/h7><br\/><a href=\"http:\/\/www.cosmatosgroup.com\" target=\"_blank\">www.cosmatosgroup.com<\/a><br \/><h7>Tel:<\/h7><br \/>+30 2310 550950<br \/><h7>Fax:<\/h7><br \/>+30 2310 540435<br \/><h7>Posle radnog vremena:<\/h7><br \/>+30 6947 990215 (G. Kirjakos Kalis, Direktor)<\/div>\r\n","protected":false},"excerpt":{"rendered":"Polo\u017eaj Na Karti i Kontakt Detalji Adresa Koleti 5,Po\u0161tanski broj 546 27,Solun, Gr\u010dka Kontakt Web:www.cosmatosgroup.comTel:+30 2310 550950Fax:+30 2310 540435Posle radnog vremena:+30 6947 990215 (G. Kirjakos Kalis, Direktor)","protected":false},"author":1,"featured_media":0,"parent":4035,"menu_order":1,"comment_status":"closed","ping_status":"closed","template":"","meta":[],"yst_prominent_words":[],"_links":{"self":[{"href":"https:\/\/www.cosmatosgroup.com\/cosmatos\/wp-json\/wp\/v2\/pages\/4041"}],"collection":[{"href":"https:\/\/www.cosmatosgroup.com\/cosmatos\/wp-json\/wp\/v2\/pages"}],"about":[{"href":"https:\/\/www.cosmatosgroup.com\/cosmatos\/wp-json\/wp\/v2\/types\/page"}],"author":[{"embeddable":true,"href":"https:\/\/www.cosmatosgroup.com\/cosmatos\/wp-json\/wp\/v2\/users\/1"}],"replies":[{"embeddable":true,"href":"https:\/\/www.cosmatosgroup.com\/cosmatos\/wp-json\/wp\/v2\/comments?post=4041"}],"version-history":[{"count":6,"href":"https:\/\/www.cosmatosgroup.com\/cosmatos\/wp-json\/wp\/v2\/pages\/4041\/revisions"}],"predecessor-version":[{"id":5189,"href":"https:\/\/www.cosmatosgroup.com\/cosmatos\/wp-json\/wp\/v2\/pages\/4041\/revisions\/5189"}],"up":[{"embeddable":true,"href":"https:\/\/www.cosmatosgroup.com\/cosmatos\/wp-json\/wp\/v2\/pages\/4035"}],"wp:attachment":[{"href":"https:\/\/www.cosmatosgroup.com\/cosmatos\/wp-json\/wp\/v2\/media?parent=4041"}],"wp:term":[{"taxonomy":"yst_prominent_words","embeddable":true,"href":"https:\/\/www.cosmatosgroup.com\/cosmatos\/wp-json\/wp\/v2\/yst_prominent_words?post=4041"}],"curies":[{"name":"wp","href":"https:\/\/api.w.org\/{rel}","templated":true}]}}