{"id":3475,"date":"2017-03-14T16:43:49","date_gmt":"2017-03-14T13:43:49","guid":{"rendered":"http:\/\/www.fairplay-forwarding.gr\/?page_id=3475"},"modified":"2020-01-22T12:33:46","modified_gmt":"2020-01-22T09:33:46","slug":"fairplay-forwarding-2","status":"publish","type":"page","link":"https:\/\/www.cosmatosgroup.com\/fairplay\/fairplay-forwarding-2\/","title":{"rendered":"Fairplay Forwarding"},"content":{"rendered":"<div class=\"cosmatos-content-3\">FAIRPLAY DOO je osnovano u Februaru 2005, kao \u010dlan COSMATOS GRUPE kompanija.<br \/><br \/>\r\nCilj je bio da se razdvojimo razli\u010dite oblasti ekspertize Grupe i da se fokusiratimo isklju\u010divo na Kontejnerizaciju.Imaju\u0107i ste\u010deno sna\u017eano nasle\u0111e sa preko 40 godina iskustva, FAIRPLAY je okrenut  dana\u0161njem tr\u017ei\u0161tu sa pouzdanjem.<br \/><br \/>\r\nKompanija uklju\u010duje na svoju listu usluga sledec\u0301e zadatke:<br \/><br \/>\r\n<div class=\"cosmatos-content-2\">\r\n     <ul>\r\n          <li>\u0160pedicija  Ekport \/ Import kontejnera morskog  prevoza (FCL)<\/li>\r\n          <li>Kombinovane transportne usluge (morski drumski, \u017eelezni\u010dki, vazdu\u0161ni prevoz)<\/li>\r\n          <li>Pretovarne formalnosti &#8211; upotreba bankarskih garancija (T1, TIR, T2L itd)<\/li>\r\n          <li>Zbirni (LCL)<\/li>\r\n          <li>Kopneni specijalizovni prevoz (prevoz van uobi\u010dajnih razmera)<\/li>\r\n          <li>Carinjenje robe<\/li>\r\n          <li>Skladi\u0161tenje<\/li>\r\n          <li>Cargo osiguranje<\/li>\r\n     <\/ul>\r\n<\/div>","protected":false},"excerpt":{"rendered":"FAIRPLAY DOO je osnovano u Februaru 2005, kao \u010dlan COSMATOS GRUPE kompanija. Cilj je bio da se razdvojimo razli\u010dite oblasti ekspertize Grupe i da se fokusiratimo isklju\u010divo na Kontejnerizaciju.Imaju\u0107i ste\u010deno sna\u017eano nasle\u0111e sa preko 40 godina iskustva, FAIRPLAY je okrenut dana\u0161njem tr\u017ei\u0161tu sa pouzdanjem. Kompanija uklju\u010duje na svoju listu usluga sledec\u0301e zadatke: \u0160pedicija Ekport \/ &hellip; <a href=\"https:\/\/www.cosmatosgroup.com\/fairplay\/fairplay-forwarding-2\/\" class=\"more-link\">\u0394\u03b9\u03b1\u03b2\u03ac\u03c3\u03c4\u03b5 \u03c0\u03b5\u03c1\u03b9\u03c3\u03c3\u03cc\u03c4\u03b5\u03c1\u03b1<span class=\"screen-reader-text\"> &#8220;Fairplay Forwarding&#8221;<\/span><\/a>","protected":false},"author":1,"featured_media":0,"parent":0,"menu_order":1,"comment_status":"closed","ping_status":"closed","template":"","meta":[],"yst_prominent_words":[],"_links":{"self":[{"href":"https:\/\/www.cosmatosgroup.com\/fairplay\/wp-json\/wp\/v2\/pages\/3475"}],"collection":[{"href":"https:\/\/www.cosmatosgroup.com\/fairplay\/wp-json\/wp\/v2\/pages"}],"about":[{"href":"https:\/\/www.cosmatosgroup.com\/fairplay\/wp-json\/wp\/v2\/types\/page"}],"author":[{"embeddable":true,"href":"https:\/\/www.cosmatosgroup.com\/fairplay\/wp-json\/wp\/v2\/users\/1"}],"replies":[{"embeddable":true,"href":"https:\/\/www.cosmatosgroup.com\/fairplay\/wp-json\/wp\/v2\/comments?post=3475"}],"version-history":[{"count":2,"href":"https:\/\/www.cosmatosgroup.com\/fairplay\/wp-json\/wp\/v2\/pages\/3475\/revisions"}],"predecessor-version":[{"id":3512,"href":"https:\/\/www.cosmatosgroup.com\/fairplay\/wp-json\/wp\/v2\/pages\/3475\/revisions\/3512"}],"wp:attachment":[{"href":"https:\/\/www.cosmatosgroup.com\/fairplay\/wp-json\/wp\/v2\/media?parent=3475"}],"wp:term":[{"taxonomy":"yst_prominent_words","embeddable":true,"href":"https:\/\/www.cosmatosgroup.com\/fairplay\/wp-json\/wp\/v2\/yst_prominent_words?post=3475"}],"curies":[{"name":"wp","href":"https:\/\/api.w.org\/{rel}","templated":true}]}}