{"id":3479,"date":"2017-03-14T18:14:26","date_gmt":"2017-03-14T15:14:26","guid":{"rendered":"http:\/\/www.fairplay-forwarding.gr\/?page_id=3479"},"modified":"2017-03-15T12:39:59","modified_gmt":"2017-03-15T09:39:59","slug":"nasa-vizija-misiza","status":"publish","type":"page","link":"https:\/\/www.cosmatosgroup.com\/fairplay\/fairplay-forwarding-2\/nasa-vizija-misiza\/","title":{"rendered":"Na\u0161a Vizija-Misiza"},"content":{"rendered":"<div class=\"cosmatos-content-3\">Na\u0161a vizija je da uvek mo\u017eemo da vam ponudimo prvoklasne usluge, pru\u017eanjem dodatnih  vrednosti u lancu logistike. Na\u0161a misija je da smo uvek u mogu\u0107nosti da se nosimo sa ikakvim problemima koji se mogu pojaviti pri planiranju, sprovo\u0111enju i prac\u0301enju transporta. Primarna briga je da pokupljanje i isporuka robe bude bezbedno izvr\u0161ena , na vreme i ujedno po\u0161tuju\u0107i  \u017eivotnu sredinu.<\/div>","protected":false},"excerpt":{"rendered":"Na\u0161a vizija je da uvek mo\u017eemo da vam ponudimo prvoklasne usluge, pru\u017eanjem dodatnih vrednosti u lancu logistike. Na\u0161a misija je da smo uvek u mogu\u0107nosti da se nosimo sa ikakvim problemima koji se mogu pojaviti pri planiranju, sprovo\u0111enju i prac\u0301enju transporta. Primarna briga je da pokupljanje i isporuka robe bude bezbedno izvr\u0161ena , na vreme &hellip; <a href=\"https:\/\/www.cosmatosgroup.com\/fairplay\/fairplay-forwarding-2\/nasa-vizija-misiza\/\" class=\"more-link\">\u0394\u03b9\u03b1\u03b2\u03ac\u03c3\u03c4\u03b5 \u03c0\u03b5\u03c1\u03b9\u03c3\u03c3\u03cc\u03c4\u03b5\u03c1\u03b1<span class=\"screen-reader-text\"> &#8220;Na\u0161a Vizija-Misiza&#8221;<\/span><\/a>","protected":false},"author":1,"featured_media":0,"parent":3475,"menu_order":2,"comment_status":"closed","ping_status":"closed","template":"","meta":[],"yst_prominent_words":[],"_links":{"self":[{"href":"https:\/\/www.cosmatosgroup.com\/fairplay\/wp-json\/wp\/v2\/pages\/3479"}],"collection":[{"href":"https:\/\/www.cosmatosgroup.com\/fairplay\/wp-json\/wp\/v2\/pages"}],"about":[{"href":"https:\/\/www.cosmatosgroup.com\/fairplay\/wp-json\/wp\/v2\/types\/page"}],"author":[{"embeddable":true,"href":"https:\/\/www.cosmatosgroup.com\/fairplay\/wp-json\/wp\/v2\/users\/1"}],"replies":[{"embeddable":true,"href":"https:\/\/www.cosmatosgroup.com\/fairplay\/wp-json\/wp\/v2\/comments?post=3479"}],"version-history":[{"count":1,"href":"https:\/\/www.cosmatosgroup.com\/fairplay\/wp-json\/wp\/v2\/pages\/3479\/revisions"}],"predecessor-version":[{"id":3480,"href":"https:\/\/www.cosmatosgroup.com\/fairplay\/wp-json\/wp\/v2\/pages\/3479\/revisions\/3480"}],"up":[{"embeddable":true,"href":"https:\/\/www.cosmatosgroup.com\/fairplay\/wp-json\/wp\/v2\/pages\/3475"}],"wp:attachment":[{"href":"https:\/\/www.cosmatosgroup.com\/fairplay\/wp-json\/wp\/v2\/media?parent=3479"}],"wp:term":[{"taxonomy":"yst_prominent_words","embeddable":true,"href":"https:\/\/www.cosmatosgroup.com\/fairplay\/wp-json\/wp\/v2\/yst_prominent_words?post=3479"}],"curies":[{"name":"wp","href":"https:\/\/api.w.org\/{rel}","templated":true}]}}