{"id":3486,"date":"2017-03-15T11:16:22","date_gmt":"2017-03-15T08:16:22","guid":{"rendered":"http:\/\/www.fairplay-forwarding.gr\/?page_id=3486"},"modified":"2017-06-08T10:24:23","modified_gmt":"2017-06-08T07:24:23","slug":"politika-kvaliteta","status":"publish","type":"page","link":"https:\/\/www.cosmatosgroup.com\/fairplay\/fairplay-forwarding-2\/politika-kvaliteta\/","title":{"rendered":"Politika Kvaliteta"},"content":{"rendered":"<div class=\"cosmatos-content-3\">\r\nNa\u0161 cilj je da vam obezbedimo  alternativna re\u0161enja po svakom pitanju transporta,  upravljaju\u0107i lancem snabdevanja na na\u010din koji o\u010duvava korporativni duh i zadovoljstvo klijenata.<br \/><br \/>\r\nMenad\u017ement FAIRPLAY D.O.O. je zasnovan na odgovornosti i efikasnosti prila\u017eenja zahtevima i o\u010dekivanjima svojih klijenata.<br \/><br \/>\r\nDeo na\u0161eg stalnog nastojanja je pobolj\u0161anje na\u0161ih usluga, obezbe\u0111uje  sledec\u0301e:\r\n<\/div>\r\n<div class=\"cosmatos-content-2\">\r\n<ul>\r\n<li>Stalno prac\u0301enjei akcije kroz proaktivne i korektivne intervencije, kada je to potrebno, sve mogu\u0107e korake neophodne za dobrobit i interes na\u0161ih klijenata, uskladu sa va\u017eec\u0301im pravnim i regulatornim odredbama uz neprestalan napor  pobolj\u0161aja usluga koje vam pru\u017eamo<\/li>\r\n<li>Uskladu sa va\u017eec\u0301im pravnim i regulatornim odredbama<\/li>\r\n<li>Neprestalan napor za pobolj\u0161aje usluga koje vam pru\u017eamo<\/li>\r\n<\/ul>\r\n<br \/>\r\n<\/div>\r\n<div class=\"cosmatos-content-3\">\r\nMenad\u017ement FAIRPLAIY D.O.O. se zala\u017ee za razvoj i odr\u017eavanje infrastrukture najvi\u0161ih standarda zajedno sa visokokvalitetnim kadrom koji se okura\u017euje da:<\/div>\r\n<div class=\"cosmatos-content-2\">\r\n<ul>\r\n<li>Aktivno u\u010destvuje u operacijama kompanije<\/li>\r\n<li>Bude skladu sa zahtevima kvaliteta politike preduzec\u0301a<\/li>\r\n<li>Doprinese tekuc\u0301em unapre\u0111enju efikasnosti kompanije i obezbediti sva sredstva za neophodna i stalan razvoj<\/li>\r\n<\/ul>\r\n<br \/>\r\n<\/div>\r\n<div class=\"cosmatos-content-3\">\r\nOsoblje FAIRPLAIY D.O.O. ima obavezu da po\u0161tuje sve odluke koje su preduzete za sprovo\u0111enje trenute politike kvaliteta, na osnovu raspolo\u017eivih resursa i infrastrukture obezbe\u0111ene od strane rukovodstva.\r\n<\/div>","protected":false},"excerpt":{"rendered":"Na\u0161 cilj je da vam obezbedimo alternativna re\u0161enja po svakom pitanju transporta, upravljaju\u0107i lancem snabdevanja na na\u010din koji o\u010duvava korporativni duh i zadovoljstvo klijenata. Menad\u017ement FAIRPLAY D.O.O. je zasnovan na odgovornosti i efikasnosti prila\u017eenja zahtevima i o\u010dekivanjima svojih klijenata. Deo na\u0161eg stalnog nastojanja je pobolj\u0161anje na\u0161ih usluga, obezbe\u0111uje sledec\u0301e: Stalno prac\u0301enjei akcije kroz proaktivne i &hellip; <a href=\"https:\/\/www.cosmatosgroup.com\/fairplay\/fairplay-forwarding-2\/politika-kvaliteta\/\" class=\"more-link\">\u0394\u03b9\u03b1\u03b2\u03ac\u03c3\u03c4\u03b5 \u03c0\u03b5\u03c1\u03b9\u03c3\u03c3\u03cc\u03c4\u03b5\u03c1\u03b1<span class=\"screen-reader-text\"> &#8220;Politika Kvaliteta&#8221;<\/span><\/a>","protected":false},"author":1,"featured_media":0,"parent":3475,"menu_order":5,"comment_status":"closed","ping_status":"closed","template":"","meta":[],"yst_prominent_words":[],"_links":{"self":[{"href":"https:\/\/www.cosmatosgroup.com\/fairplay\/wp-json\/wp\/v2\/pages\/3486"}],"collection":[{"href":"https:\/\/www.cosmatosgroup.com\/fairplay\/wp-json\/wp\/v2\/pages"}],"about":[{"href":"https:\/\/www.cosmatosgroup.com\/fairplay\/wp-json\/wp\/v2\/types\/page"}],"author":[{"embeddable":true,"href":"https:\/\/www.cosmatosgroup.com\/fairplay\/wp-json\/wp\/v2\/users\/1"}],"replies":[{"embeddable":true,"href":"https:\/\/www.cosmatosgroup.com\/fairplay\/wp-json\/wp\/v2\/comments?post=3486"}],"version-history":[{"count":3,"href":"https:\/\/www.cosmatosgroup.com\/fairplay\/wp-json\/wp\/v2\/pages\/3486\/revisions"}],"predecessor-version":[{"id":3608,"href":"https:\/\/www.cosmatosgroup.com\/fairplay\/wp-json\/wp\/v2\/pages\/3486\/revisions\/3608"}],"up":[{"embeddable":true,"href":"https:\/\/www.cosmatosgroup.com\/fairplay\/wp-json\/wp\/v2\/pages\/3475"}],"wp:attachment":[{"href":"https:\/\/www.cosmatosgroup.com\/fairplay\/wp-json\/wp\/v2\/media?parent=3486"}],"wp:term":[{"taxonomy":"yst_prominent_words","embeddable":true,"href":"https:\/\/www.cosmatosgroup.com\/fairplay\/wp-json\/wp\/v2\/yst_prominent_words?post=3486"}],"curies":[{"name":"wp","href":"https:\/\/api.w.org\/{rel}","templated":true}]}}