{"id":3498,"date":"2017-03-15T11:38:32","date_gmt":"2017-03-15T08:38:32","guid":{"rendered":"http:\/\/www.fairplay-forwarding.gr\/?page_id=3498"},"modified":"2017-03-15T12:40:48","modified_gmt":"2017-03-15T09:40:48","slug":"avio-prevoz","status":"publish","type":"page","link":"https:\/\/www.cosmatosgroup.com\/fairplay\/usluge\/avio-prevoz\/","title":{"rendered":"Avio Prevoz"},"content":{"rendered":"<div class=\"cosmatos-content-3\">Imamo priliku da sara\u0111ujemo sa najvec\u0301im vazdu\u0161nim kargo kompanijama u celom svetu preko velike mre\u017ee agenta.<br \/><br \/>\r\nKontaktirajte nas i potra\u017eite nam uvoz \/ izvoz robe vazdu\u0161nim putem.<br \/><br \/>\r\nNa\u0161a slu\u017eba prodaje c\u0301e ispitati tr\u017ei\u0161te i pru\u017ei\u0107e vam najkonkurentnije cene za prevoz robe avio putom i sve to u skladu sa najpouzdanijim  servisom . Tako\u0111e , bic\u0301ete uvek obave\u0161tavani o kretanju i trenotnom satnju va\u0161e robe tokom transporta iste.<\/div>","protected":false},"excerpt":{"rendered":"Imamo priliku da sara\u0111ujemo sa najvec\u0301im vazdu\u0161nim kargo kompanijama u celom svetu preko velike mre\u017ee agenta. Kontaktirajte nas i potra\u017eite nam uvoz \/ izvoz robe vazdu\u0161nim putem. Na\u0161a slu\u017eba prodaje c\u0301e ispitati tr\u017ei\u0161te i pru\u017ei\u0107e vam najkonkurentnije cene za prevoz robe avio putom i sve to u skladu sa najpouzdanijim servisom . Tako\u0111e , bic\u0301ete &hellip; <a href=\"https:\/\/www.cosmatosgroup.com\/fairplay\/usluge\/avio-prevoz\/\" class=\"more-link\">\u0394\u03b9\u03b1\u03b2\u03ac\u03c3\u03c4\u03b5 \u03c0\u03b5\u03c1\u03b9\u03c3\u03c3\u03cc\u03c4\u03b5\u03c1\u03b1<span class=\"screen-reader-text\"> &#8220;Avio Prevoz&#8221;<\/span><\/a>","protected":false},"author":1,"featured_media":0,"parent":3489,"menu_order":2,"comment_status":"closed","ping_status":"closed","template":"","meta":[],"yst_prominent_words":[],"_links":{"self":[{"href":"https:\/\/www.cosmatosgroup.com\/fairplay\/wp-json\/wp\/v2\/pages\/3498"}],"collection":[{"href":"https:\/\/www.cosmatosgroup.com\/fairplay\/wp-json\/wp\/v2\/pages"}],"about":[{"href":"https:\/\/www.cosmatosgroup.com\/fairplay\/wp-json\/wp\/v2\/types\/page"}],"author":[{"embeddable":true,"href":"https:\/\/www.cosmatosgroup.com\/fairplay\/wp-json\/wp\/v2\/users\/1"}],"replies":[{"embeddable":true,"href":"https:\/\/www.cosmatosgroup.com\/fairplay\/wp-json\/wp\/v2\/comments?post=3498"}],"version-history":[{"count":1,"href":"https:\/\/www.cosmatosgroup.com\/fairplay\/wp-json\/wp\/v2\/pages\/3498\/revisions"}],"predecessor-version":[{"id":3499,"href":"https:\/\/www.cosmatosgroup.com\/fairplay\/wp-json\/wp\/v2\/pages\/3498\/revisions\/3499"}],"up":[{"embeddable":true,"href":"https:\/\/www.cosmatosgroup.com\/fairplay\/wp-json\/wp\/v2\/pages\/3489"}],"wp:attachment":[{"href":"https:\/\/www.cosmatosgroup.com\/fairplay\/wp-json\/wp\/v2\/media?parent=3498"}],"wp:term":[{"taxonomy":"yst_prominent_words","embeddable":true,"href":"https:\/\/www.cosmatosgroup.com\/fairplay\/wp-json\/wp\/v2\/yst_prominent_words?post=3498"}],"curies":[{"name":"wp","href":"https:\/\/api.w.org\/{rel}","templated":true}]}}