{"id":3500,"date":"2017-03-15T11:39:07","date_gmt":"2017-03-15T08:39:07","guid":{"rendered":"http:\/\/www.fairplay-forwarding.gr\/?page_id=3500"},"modified":"2017-03-15T12:40:57","modified_gmt":"2017-03-15T09:40:57","slug":"zeleznicki-prevoz","status":"publish","type":"page","link":"https:\/\/www.cosmatosgroup.com\/fairplay\/usluge\/zeleznicki-prevoz\/","title":{"rendered":"\u017delezni\u010dki Prevoz"},"content":{"rendered":"<div class=\"cosmatos-content-3\">Kroz na\u0161u dobro organizovanu mre\u017eu , organizujemo i pratitimo  svaki \u017eelezni\u010dki saobrac\u0301aj na svetskom nivou. Pretovar robe , dokumentacija i nadalje pra\u0107enje tovara  su me\u0111u na\u0161im du\u017enostima.<\/div>","protected":false},"excerpt":{"rendered":"Kroz na\u0161u dobro organizovanu mre\u017eu , organizujemo i pratitimo svaki \u017eelezni\u010dki saobrac\u0301aj na svetskom nivou. Pretovar robe , dokumentacija i nadalje pra\u0107enje tovara su me\u0111u na\u0161im du\u017enostima.","protected":false},"author":1,"featured_media":0,"parent":3489,"menu_order":3,"comment_status":"closed","ping_status":"closed","template":"","meta":[],"yst_prominent_words":[],"_links":{"self":[{"href":"https:\/\/www.cosmatosgroup.com\/fairplay\/wp-json\/wp\/v2\/pages\/3500"}],"collection":[{"href":"https:\/\/www.cosmatosgroup.com\/fairplay\/wp-json\/wp\/v2\/pages"}],"about":[{"href":"https:\/\/www.cosmatosgroup.com\/fairplay\/wp-json\/wp\/v2\/types\/page"}],"author":[{"embeddable":true,"href":"https:\/\/www.cosmatosgroup.com\/fairplay\/wp-json\/wp\/v2\/users\/1"}],"replies":[{"embeddable":true,"href":"https:\/\/www.cosmatosgroup.com\/fairplay\/wp-json\/wp\/v2\/comments?post=3500"}],"version-history":[{"count":2,"href":"https:\/\/www.cosmatosgroup.com\/fairplay\/wp-json\/wp\/v2\/pages\/3500\/revisions"}],"predecessor-version":[{"id":3502,"href":"https:\/\/www.cosmatosgroup.com\/fairplay\/wp-json\/wp\/v2\/pages\/3500\/revisions\/3502"}],"up":[{"embeddable":true,"href":"https:\/\/www.cosmatosgroup.com\/fairplay\/wp-json\/wp\/v2\/pages\/3489"}],"wp:attachment":[{"href":"https:\/\/www.cosmatosgroup.com\/fairplay\/wp-json\/wp\/v2\/media?parent=3500"}],"wp:term":[{"taxonomy":"yst_prominent_words","embeddable":true,"href":"https:\/\/www.cosmatosgroup.com\/fairplay\/wp-json\/wp\/v2\/yst_prominent_words?post=3500"}],"curies":[{"name":"wp","href":"https:\/\/api.w.org\/{rel}","templated":true}]}}