{"id":3504,"date":"2017-03-15T11:40:44","date_gmt":"2017-03-15T08:40:44","guid":{"rendered":"http:\/\/www.fairplay-forwarding.gr\/?page_id=3504"},"modified":"2017-03-15T12:41:01","modified_gmt":"2017-03-15T09:41:01","slug":"kopneni-transport","status":"publish","type":"page","link":"https:\/\/www.cosmatosgroup.com\/fairplay\/usluge\/kopneni-transport\/","title":{"rendered":"Kopneni Transport"},"content":{"rendered":"<div class=\"cosmatos-content-3\">U moguc\u0301nosti smo da podr\u017eimo bilo koju nacionalnu  ili me\u0111unarodnu potrebu za prevozom  preko na\u0161e globalne mre\u017ee prevoznika. Na\u0161a specijalizacija je prevoz iz\/ u sve susedne balkanske zemalje.<\/div>","protected":false},"excerpt":{"rendered":"U moguc\u0301nosti smo da podr\u017eimo bilo koju nacionalnu ili me\u0111unarodnu potrebu za prevozom preko na\u0161e globalne mre\u017ee prevoznika. Na\u0161a specijalizacija je prevoz iz\/ u sve susedne balkanske zemalje.","protected":false},"author":1,"featured_media":0,"parent":3489,"menu_order":4,"comment_status":"closed","ping_status":"closed","template":"","meta":[],"yst_prominent_words":[],"_links":{"self":[{"href":"https:\/\/www.cosmatosgroup.com\/fairplay\/wp-json\/wp\/v2\/pages\/3504"}],"collection":[{"href":"https:\/\/www.cosmatosgroup.com\/fairplay\/wp-json\/wp\/v2\/pages"}],"about":[{"href":"https:\/\/www.cosmatosgroup.com\/fairplay\/wp-json\/wp\/v2\/types\/page"}],"author":[{"embeddable":true,"href":"https:\/\/www.cosmatosgroup.com\/fairplay\/wp-json\/wp\/v2\/users\/1"}],"replies":[{"embeddable":true,"href":"https:\/\/www.cosmatosgroup.com\/fairplay\/wp-json\/wp\/v2\/comments?post=3504"}],"version-history":[{"count":1,"href":"https:\/\/www.cosmatosgroup.com\/fairplay\/wp-json\/wp\/v2\/pages\/3504\/revisions"}],"predecessor-version":[{"id":3505,"href":"https:\/\/www.cosmatosgroup.com\/fairplay\/wp-json\/wp\/v2\/pages\/3504\/revisions\/3505"}],"up":[{"embeddable":true,"href":"https:\/\/www.cosmatosgroup.com\/fairplay\/wp-json\/wp\/v2\/pages\/3489"}],"wp:attachment":[{"href":"https:\/\/www.cosmatosgroup.com\/fairplay\/wp-json\/wp\/v2\/media?parent=3504"}],"wp:term":[{"taxonomy":"yst_prominent_words","embeddable":true,"href":"https:\/\/www.cosmatosgroup.com\/fairplay\/wp-json\/wp\/v2\/yst_prominent_words?post=3504"}],"curies":[{"name":"wp","href":"https:\/\/api.w.org\/{rel}","templated":true}]}}