{"id":3506,"date":"2017-03-15T11:45:19","date_gmt":"2017-03-15T08:45:19","guid":{"rendered":"http:\/\/www.fairplay-forwarding.gr\/?page_id=3506"},"modified":"2017-03-15T12:41:07","modified_gmt":"2017-03-15T09:41:07","slug":"specijani-prevoz","status":"publish","type":"page","link":"https:\/\/www.cosmatosgroup.com\/fairplay\/usluge\/specijani-prevoz\/","title":{"rendered":"Specijani Prevoz"},"content":{"rendered":"<div class=\"cosmatos-content-3\">Na\u0161a c\u0301erka kompanija, <h8>Cosmatos Shipping Services<\/h8>, je ekskluzivni predstavnik grupe <h8>THLG<\/h8> (The Heavy Lift Group) u Gr\u010dkoj od 2006. godine.<br \/><br \/>\r\nKroz na\u0161u dobro organizovanu mre\u017eu mo\u017eemo obezbediti planiranje projekata , organizaciju i koordinaciju istih \u0161irom sveta.<br \/><br \/>\r\nLokalno u Gr\u010dkoj i uop\u0161te na Balkanu, na\u0161e odeljenje projektovanja nudi studije na putu I organizaciju i koordinaciju projekata, koji uklju\u010duju selekciju poduzetnika dizanja operacije, kvantitet i kontrolu kvaliteta, kontrolu zaliha, kao i prevoz do krajnjeg odredi\u0161ta, uklju\u010dujuc\u0301i i Upotreba dizalica i usluga monta\u017ee, gde je to potrebno.<br \/><br \/>\r\nTokom godina stekli smo obimno iskustvo sa \u0161irokim spektrom tereta, kao \u0161to su transformatori, turbine, generatori i sve vrste ma\u0161ina.<br \/><br \/>\r\nNa\u0161 portfolio uklju\u010duje projekte kao \u0161to je polipropilen, postrojenja i vetroelektrane, kao i manje projekate kao \u0161to su transfer dizalice, bageri, generatori i mnoga druga roba koja zahteva poseban tretman.<br \/><br \/>\r\n<!--Our latest achievement includes the first wind mill park ever constructed in FYROM.<br \/><br \/>--><\/div>\r\n<div class=\"cosmatos-content-2\">\r\n     <ul>\r\n          <li>Aktivno postojanje  u Gr\u010dkoj, Bugarskoj, Makedoniji, Albaniji, Srbiji<\/li>\r\n          <li>Dizajn i organizacija projekta<\/li>\r\n          <li>Studija puteva , podr\u017eena izve\u0161tajima i fotografijama<\/li>\r\n          <li>Polje sajt inspekcija<\/li>\r\n          <li>Koordinacija sa vi\u0161e izvo\u0111a\u010da<\/li>\r\n          <li>Istovar utovar<\/li>\r\n          <li>Registracija vozila<\/li>\r\n          <li>Kori\u0161c\u0301enjem dizalice<\/li>\r\n          <li>Drumski transport<\/li>\r\n          <li>Carinske formalnosti<\/li>\r\n          <li>Procedure grani\u010dne kontrole<\/li>\r\n     <\/ul>\r\n<\/div>","protected":false},"excerpt":{"rendered":"Na\u0161a c\u0301erka kompanija, Cosmatos Shipping Services, je ekskluzivni predstavnik grupe THLG (The Heavy Lift Group) u Gr\u010dkoj od 2006. godine. Kroz na\u0161u dobro organizovanu mre\u017eu mo\u017eemo obezbediti planiranje projekata , organizaciju i koordinaciju istih \u0161irom sveta. Lokalno u Gr\u010dkoj i uop\u0161te na Balkanu, na\u0161e odeljenje projektovanja nudi studije na putu I organizaciju i koordinaciju projekata, &hellip; <a href=\"https:\/\/www.cosmatosgroup.com\/fairplay\/usluge\/specijani-prevoz\/\" class=\"more-link\">\u0394\u03b9\u03b1\u03b2\u03ac\u03c3\u03c4\u03b5 \u03c0\u03b5\u03c1\u03b9\u03c3\u03c3\u03cc\u03c4\u03b5\u03c1\u03b1<span class=\"screen-reader-text\"> &#8220;Specijani Prevoz&#8221;<\/span><\/a>","protected":false},"author":1,"featured_media":0,"parent":3489,"menu_order":5,"comment_status":"closed","ping_status":"closed","template":"","meta":[],"yst_prominent_words":[],"_links":{"self":[{"href":"https:\/\/www.cosmatosgroup.com\/fairplay\/wp-json\/wp\/v2\/pages\/3506"}],"collection":[{"href":"https:\/\/www.cosmatosgroup.com\/fairplay\/wp-json\/wp\/v2\/pages"}],"about":[{"href":"https:\/\/www.cosmatosgroup.com\/fairplay\/wp-json\/wp\/v2\/types\/page"}],"author":[{"embeddable":true,"href":"https:\/\/www.cosmatosgroup.com\/fairplay\/wp-json\/wp\/v2\/users\/1"}],"replies":[{"embeddable":true,"href":"https:\/\/www.cosmatosgroup.com\/fairplay\/wp-json\/wp\/v2\/comments?post=3506"}],"version-history":[{"count":1,"href":"https:\/\/www.cosmatosgroup.com\/fairplay\/wp-json\/wp\/v2\/pages\/3506\/revisions"}],"predecessor-version":[{"id":3507,"href":"https:\/\/www.cosmatosgroup.com\/fairplay\/wp-json\/wp\/v2\/pages\/3506\/revisions\/3507"}],"up":[{"embeddable":true,"href":"https:\/\/www.cosmatosgroup.com\/fairplay\/wp-json\/wp\/v2\/pages\/3489"}],"wp:attachment":[{"href":"https:\/\/www.cosmatosgroup.com\/fairplay\/wp-json\/wp\/v2\/media?parent=3506"}],"wp:term":[{"taxonomy":"yst_prominent_words","embeddable":true,"href":"https:\/\/www.cosmatosgroup.com\/fairplay\/wp-json\/wp\/v2\/yst_prominent_words?post=3506"}],"curies":[{"name":"wp","href":"https:\/\/api.w.org\/{rel}","templated":true}]}}