{"id":3511,"date":"2017-03-15T11:52:41","date_gmt":"2017-03-15T08:52:41","guid":{"rendered":"http:\/\/www.fairplay-forwarding.gr\/?page_id=3511"},"modified":"2017-03-15T12:41:15","modified_gmt":"2017-03-15T09:41:15","slug":"skladistenje","status":"publish","type":"page","link":"https:\/\/www.cosmatosgroup.com\/fairplay\/usluge\/skladistenje\/","title":{"rendered":"Skladi\u0161tenje"},"content":{"rendered":"<div class=\"cosmatos-content-3\"Kroz na\u0161u  k\u0107erku-firmu <h8>Hub Logistika A.D.<\/h8>, u moguc\u0301nosti smo da ponudimo kompletnu uslugu  logistike u objektu koji je u na\u0161em u privatnom vlasni\u0161tvu, i nalazi se u ulici  Mikras Asias 29. Solun, Gr\u010dka.<br \/><br \/><\/div>\r\n<div class=\"cosmatos-title-2\">Dimenzije Skladi\u0161a<\/div>\r\n<div class=\"cosmatos-content-3\">\r\nUkupna Povr\u0161ina: <h7>14.000 sqm<\/h7><br \/>\r\nPokrivena Povr\u0161ina: <h7>5.400 sqm<\/h7><br \/><br \/>\r\n<h7>Suvo Skladi\u0161tenje za Paletiranu Robu<\/h7><br \/>\r\nKapacitet Paleta:  <h7>4.334 mesta<\/h7><br \/>\r\nSkladi\u0161tenje Paleta: <h7>Na Dvostrano Otvorenim Rafovima<\/h7><br \/><br \/>\r\n<h7>Suvo Skladi\u0161tenje za Grupa\u017eni Teret<\/h7><br \/>\r\nMax. Visina: <h7>10,34 m<\/h7><\/span><br \/>\r\nMax. \u0160irina: <h7>7,00 m<\/h7><\/span><br \/><br \/><br \/>\r\n<\/div>","protected":false},"excerpt":{"rendered":"","protected":false},"author":1,"featured_media":0,"parent":3489,"menu_order":7,"comment_status":"closed","ping_status":"closed","template":"","meta":[],"yst_prominent_words":[],"_links":{"self":[{"href":"https:\/\/www.cosmatosgroup.com\/fairplay\/wp-json\/wp\/v2\/pages\/3511"}],"collection":[{"href":"https:\/\/www.cosmatosgroup.com\/fairplay\/wp-json\/wp\/v2\/pages"}],"about":[{"href":"https:\/\/www.cosmatosgroup.com\/fairplay\/wp-json\/wp\/v2\/types\/page"}],"author":[{"embeddable":true,"href":"https:\/\/www.cosmatosgroup.com\/fairplay\/wp-json\/wp\/v2\/users\/1"}],"replies":[{"embeddable":true,"href":"https:\/\/www.cosmatosgroup.com\/fairplay\/wp-json\/wp\/v2\/comments?post=3511"}],"version-history":[{"count":1,"href":"https:\/\/www.cosmatosgroup.com\/fairplay\/wp-json\/wp\/v2\/pages\/3511\/revisions"}],"predecessor-version":[{"id":3513,"href":"https:\/\/www.cosmatosgroup.com\/fairplay\/wp-json\/wp\/v2\/pages\/3511\/revisions\/3513"}],"up":[{"embeddable":true,"href":"https:\/\/www.cosmatosgroup.com\/fairplay\/wp-json\/wp\/v2\/pages\/3489"}],"wp:attachment":[{"href":"https:\/\/www.cosmatosgroup.com\/fairplay\/wp-json\/wp\/v2\/media?parent=3511"}],"wp:term":[{"taxonomy":"yst_prominent_words","embeddable":true,"href":"https:\/\/www.cosmatosgroup.com\/fairplay\/wp-json\/wp\/v2\/yst_prominent_words?post=3511"}],"curies":[{"name":"wp","href":"https:\/\/api.w.org\/{rel}","templated":true}]}}