{"id":3522,"date":"2017-03-15T12:12:51","date_gmt":"2017-03-15T09:12:51","guid":{"rendered":"http:\/\/www.fairplay-forwarding.gr\/?page_id=3522"},"modified":"2017-06-13T16:31:11","modified_gmt":"2017-06-13T13:31:11","slug":"tip-kontejnera","status":"publish","type":"page","link":"https:\/\/www.cosmatosgroup.com\/fairplay\/informacije\/tip-kontejnera\/","title":{"rendered":"Tip kontejnera"},"content":{"rendered":"<div class=\"cosmatos-content-3\"><b>Tip kontejnera-Op\u0161ta upotreba<\/b><br \/><\/div>\r\n<div style=\"float:left; margin-right:15px;\">\r\n     <div class=\"cosmatos-content-5\">\r\n          Tip kontejnera: <b>20&#8243; GP<\/b><br \/>\r\n          Unutra\u0161nje dimenzije(Dx\u0160xV): <b>5898 x 2353 x 2393 mm<\/b><br \/>\r\n          Dimenzije vrata: <b>2340 x 2280 mm<\/b><br \/>\r\n          Te\u017eina kontejnera: <b>2300 Kg<\/b><br \/>\r\n          Zapremina: <b>33.2 m\u00b3<\/b><br \/>\r\n          <img loading=\"lazy\" src=\"\/fairplay\/wp-content\/uploads\/2016\/10\/minictype1.jpg\" alt=\"minictype1\" width=\"175\" height=\"122\" class=\"alignleft size-full wp-image-3056\" \/>\r\n     <\/div>\r\n<\/div>\r\n<div style=\"float:left;\">\r\n     <div class=\"cosmatos-content-5\">\r\n          Tip kontejnera: <b>40&#8243; GP<\/b><br \/>\r\n          Unutra\u0161nje dimenzije(Dx\u0160xV): <b>12032 x 2353 x 2393 mm<\/b><br \/>\r\n          Dimenzije vrata: <b>2340 x 2280 mm<\/b><br \/>\r\n          Te\u017eina kontejnera: <b>3750 Kg<\/b><br \/>\r\n          Zapremina: <b>67.7 m\u00b3<\/b><br \/>\r\n          <img loading=\"lazy\" src=\"\/fairplay\/wp-content\/uploads\/2016\/10\/minictype2.jpg\" alt=\"minictype2\" width=\"175\" height=\"122\" class=\"alignleft size-full wp-image-3062\" \/>\r\n     <\/div>\r\n<\/div>\r\n<div class=\"cosmatos-content-3\">&nbsp;<br \/><\/div>\r\n<div class=\"cosmatos-content-3\"><b>Tip kontejnera &#8211; High cube (Visoki kontejner)<\/b><br \/><\/div>\r\n<div style=\"float:left; margin-right:150px;\">\r\n     <div class=\"cosmatos-content-5\">\r\n          Tip kontejnera: <b>20&#8243;<\/b><br \/>\r\n          Unutra\u0161nje dimenzije(Dx\u0160xV): <b>n\/a<\/b><br \/>\r\n          Dimenzije vrata: <b>n\/a<\/b><br \/>\r\n          Te\u017eina kontejnera: <b>n\/a<\/b><br \/>\r\n          Zapremina: <b>n\/a<\/b><br \/>\r\n          <img loading=\"lazy\" src=\"\/fairplay\/wp-content\/uploads\/2016\/10\/minictype3.jpg\" alt=\"minictype3\" width=\"175\" height=\"122\" class=\"alignleft size-full wp-image-3067\" \/>\r\n     <\/div>\r\n<\/div>\r\n<div style=\"float:left;\">\r\n     <div class=\"cosmatos-content-5\">\r\n          Tip kontejnera: <b>40&#8243; HC<\/b><br \/>\r\n          Unutra\u0161nje dimenzije(Dx\u0160xV): <b>12032 x 2280 x 2698 mm<\/b><br \/>\r\n          Dimenzije vrata: <b>2340 x 2585 mm<\/b><br \/>\r\n          Te\u017eina kontejnera: <b>3940 Kg<\/b><br \/>\r\n          Zapremina: <b>76.4 m\u00b3<\/b><br \/>\r\n          <img loading=\"lazy\" src=\"\/fairplay\/wp-content\/uploads\/2016\/10\/minictype3.jpg\" alt=\"minictype3\" width=\"175\" height=\"122\" class=\"alignleft size-full wp-image-3067\" \/>\r\n     <\/div>\r\n<\/div>\r\n<div class=\"cosmatos-content-3\">&nbsp;<br \/><\/div>\r\n<div class=\"cosmatos-content-3\"><b>Tip kontejnera &#8211; Fri\u017eider<\/b><br \/><\/div>\r\n<div style=\"float:left; margin-right:15px;\">\r\n     <div class=\"cosmatos-content-5\">\r\n          Tip kontejnera: <b>20&#8243; RF<\/b><br \/>\r\n          Unutra\u0161nje dimenzije(Dx\u0160xV): <b>5444 x 2268 x 2272 mm<\/b><br \/>\r\n          Dimenzije vrata: <b>2276 x 2261 mm<\/b><br \/>\r\n          Te\u017eina kontejnera: <b>3080 Kg<\/b><br \/>\r\n          Zapremina: <b>28.1 m\u00b3<\/b><br \/>\r\n          <img loading=\"lazy\" src=\"\/fairplay\/wp-content\/uploads\/2016\/10\/minictype4.jpg\" alt=\"minictype4\" width=\"175\" height=\"113\" class=\"alignleft size-full wp-image-3076\" \/>\r\n     <\/div>\r\n<\/div>\r\n<div style=\"float:left;\">\r\n     <div class=\"cosmatos-content-5\">\r\n          Tip kontejnera: <b>40&#8243; RF<\/b><br \/>\r\n          Unutra\u0161nje dimenzije(Dx\u0160xV): <b>11561 x 2280 x 2249 mm<\/b><br \/>\r\n          Dimenzije vrata: <b>2280 x 2205 mm<\/b><br \/>\r\n          Te\u017eina kontejnera: <b>4800 Kg<\/b><br \/>\r\n          Zapremina: <b>59.3 m\u00b3<\/b><br \/>\r\n          <img loading=\"lazy\" src=\"\/fairplay\/wp-content\/uploads\/2016\/10\/minictype5.jpg\" alt=\"minictype5\" width=\"175\" height=\"114\" class=\"alignleft size-full wp-image-3077\" \/>\r\n     <\/div>\r\n<\/div>\r\n<div class=\"cosmatos-content-3\">&nbsp;<br \/><\/div>\r\n<div class=\"cosmatos-content-3\"><b>Tip kontejnera-Open top (Otvorenog krova)<\/b><br \/><\/div>\r\n<div style=\"float:left; margin-right:15px;\">\r\n     <div class=\"cosmatos-content-5\">\r\n          Tip kontejnera: <b>20&#8243; OT<\/b><br \/>\r\n          Unutra\u0161nje dimenzije(Dx\u0160xV): <b>5889 x 2345 x 2346 mm<\/b><br \/>\r\n          Dimenzije vrata: <b>2300 x 2215 mm<\/b><br \/>\r\n          Te\u017eina kontejnera: <b>2360 Kg<\/b><br \/>\r\n          Zapremina: <b>32.4 m\u00b3<\/b><br \/>\r\n          Dimenzije Krova: <b>5492 x 2184 mm<\/b><br \/>\r\n          <img loading=\"lazy\" src=\"\/fairplay\/wp-content\/uploads\/2016\/10\/minictype6.jpg\" alt=\"minictype6\" width=\"175\" height=\"105\" class=\"alignleft size-full wp-image-3081\" \/>\r\n     <\/div>\r\n<\/div>\r\n<div style=\"float:left;\">\r\n     <div class=\"cosmatos-content-5\">\r\n          Tip kontejnera: <b>40&#8243; OT<\/b><br \/>\r\n          Unutra\u0161nje dimenzije(Dx\u0160xV): <b>12024 x 2352 x 2324 mm<\/b><br \/>\r\n          Dimenzije vrata: <b>2340 x 2244 mm<\/b><br \/>\r\n          Te\u017eina kontejnera: <b>4030 Kg<\/b><br \/>\r\n          Zapremina: <b>65.7 m\u00b3<\/b><br \/>\r\n          Dimenzije Krova: <b>11847 x 2184 mm<\/b><br \/>\r\n          <img loading=\"lazy\" src=\"\/fairplay\/wp-content\/uploads\/2016\/10\/minictype7.jpg\" alt=\"minictype7\" width=\"175\" height=\"105\" class=\"alignleft size-full wp-image-3082\" \/>\r\n     <\/div>\r\n<\/div>\r\n<div class=\"cosmatos-content-3\">&nbsp;<br \/><\/div>\r\n<div class=\"cosmatos-content-3\"><b>Tip kontejnera-Flat track (Platforma)<\/b><br \/><\/div>\r\n<div style=\"float:left; margin-right:15px;\">\r\n     <div class=\"cosmatos-content-5\">\r\n          Tip kontejnera: <b>20&#8243; FR<\/b><br \/>\r\n          Unutra\u0161nje dimenzije(Dx\u0160xV): <b>5940 x 2345 x 2135 mm<\/b><br \/>\r\n          Te\u017eina kontejnera: <b>2360 Kg<\/b><br \/>\r\n          <img loading=\"lazy\" src=\"\/fairplay\/wp-content\/uploads\/2016\/10\/minictype8.jpg\" alt=\"minictype8\" width=\"175\" height=\"122\" class=\"alignleft size-full wp-image-3085\" \/>\r\n     <\/div>\r\n<\/div>\r\n<div style=\"float:left;\">\r\n     <div class=\"cosmatos-content-5\">\r\n          Tip kontejnera: <b>40&#8243; FR<\/b><br \/>\r\n          Unutra\u0161nje dimenzije(Dx\u0160xV): <b>12132 x 2400 x 2135 mm<\/b><br \/>\r\n          Te\u017eina kontejnera: <b>5000 Kg<\/b><br \/>\r\n          <img loading=\"lazy\" src=\"\/fairplay\/wp-content\/uploads\/2016\/10\/minictype8.jpg\" alt=\"minictype8\" width=\"175\" height=\"122\" class=\"alignleft size-full wp-image-3085\" \/>\r\n     <\/div>\r\n<\/div>","protected":false},"excerpt":{"rendered":"Tip kontejnera-Op\u0161ta upotreba Tip kontejnera: 20&#8243; GP Unutra\u0161nje dimenzije(Dx\u0160xV): 5898 x 2353 x 2393 mm Dimenzije vrata: 2340 x 2280 mm Te\u017eina kontejnera: 2300 Kg Zapremina: 33.2 m\u00b3 Tip kontejnera: 40&#8243; GP Unutra\u0161nje dimenzije(Dx\u0160xV): 12032 x 2353 x 2393 mm Dimenzije vrata: 2340 x 2280 mm Te\u017eina kontejnera: 3750 Kg Zapremina: 67.7 m\u00b3 &nbsp; Tip &hellip; <a href=\"https:\/\/www.cosmatosgroup.com\/fairplay\/informacije\/tip-kontejnera\/\" class=\"more-link\">\u0394\u03b9\u03b1\u03b2\u03ac\u03c3\u03c4\u03b5 \u03c0\u03b5\u03c1\u03b9\u03c3\u03c3\u03cc\u03c4\u03b5\u03c1\u03b1<span class=\"screen-reader-text\"> &#8220;Tip kontejnera&#8221;<\/span><\/a>","protected":false},"author":1,"featured_media":0,"parent":3519,"menu_order":0,"comment_status":"closed","ping_status":"closed","template":"","meta":[],"yst_prominent_words":[],"_links":{"self":[{"href":"https:\/\/www.cosmatosgroup.com\/fairplay\/wp-json\/wp\/v2\/pages\/3522"}],"collection":[{"href":"https:\/\/www.cosmatosgroup.com\/fairplay\/wp-json\/wp\/v2\/pages"}],"about":[{"href":"https:\/\/www.cosmatosgroup.com\/fairplay\/wp-json\/wp\/v2\/types\/page"}],"author":[{"embeddable":true,"href":"https:\/\/www.cosmatosgroup.com\/fairplay\/wp-json\/wp\/v2\/users\/1"}],"replies":[{"embeddable":true,"href":"https:\/\/www.cosmatosgroup.com\/fairplay\/wp-json\/wp\/v2\/comments?post=3522"}],"version-history":[{"count":2,"href":"https:\/\/www.cosmatosgroup.com\/fairplay\/wp-json\/wp\/v2\/pages\/3522\/revisions"}],"predecessor-version":[{"id":3628,"href":"https:\/\/www.cosmatosgroup.com\/fairplay\/wp-json\/wp\/v2\/pages\/3522\/revisions\/3628"}],"up":[{"embeddable":true,"href":"https:\/\/www.cosmatosgroup.com\/fairplay\/wp-json\/wp\/v2\/pages\/3519"}],"wp:attachment":[{"href":"https:\/\/www.cosmatosgroup.com\/fairplay\/wp-json\/wp\/v2\/media?parent=3522"}],"wp:term":[{"taxonomy":"yst_prominent_words","embeddable":true,"href":"https:\/\/www.cosmatosgroup.com\/fairplay\/wp-json\/wp\/v2\/yst_prominent_words?post=3522"}],"curies":[{"name":"wp","href":"https:\/\/api.w.org\/{rel}","templated":true}]}}