{"id":3524,"date":"2017-03-15T12:20:47","date_gmt":"2017-03-15T09:20:47","guid":{"rendered":"http:\/\/www.fairplay-forwarding.gr\/?page_id=3524"},"modified":"2017-06-13T16:32:16","modified_gmt":"2017-06-13T13:32:16","slug":"grupaz-punjenje-kontejnera","status":"publish","type":"page","link":"https:\/\/www.cosmatosgroup.com\/fairplay\/informacije\/grupaz-punjenje-kontejnera\/","title":{"rendered":"Grupa\u017e &#038; Punjenje Kontejnera"},"content":{"rendered":"<div class=\"cosmatos-content-3\">\r\nEvo jednog od mogu\u0107ih na\u010dina popunjavanja kontejnera paletama.<br \/>\r\nPrimeri su indikativni.<br \/><br \/>\r\n<\/div>\r\n<div class=\"cosmatos-content-5\">\r\nDimenzije Evro-paleta: <b>800mm x 1200mm<\/b><br \/>\r\nDimenzije standardnih paleta: <b>1000mm x 1200mm<\/b><br \/><br \/>\r\n<\/div>\r\n<div class=\"cosmatos-content-3\">\r\n<img loading=\"lazy\" src=\"\/fairplay\/wp-content\/uploads\/2016\/10\/Pallets.jpg\" alt=\"pallets\" width=\"699\" height=\"457\" class=\"alignleft size-full wp-image-3107\" \/><br \/><\/div>\r\n<div class=\"cosmatos-content-3\">\r\nSve va\u0161e rezervacije bi\u0107e prac\u0301ene <b>intenzivnim monitoringom<\/b> i <b>brzim protokom informacija<\/b>.<br \/><br \/>\r\nSpecijalno obu\u010deno osoblje c\u0301e se pobrinuti sa najvec\u0301om pa\u017enjom za va\u0161 izvoz \/ uvoz pru\u017eaju\u0107i  vam sa <b>najboljim moguc\u0301im opcijama za svoje po\u0161iljke<\/b>. Dobic\u0301ete pouzdane informacije o trenutnoj pokrivenosti svetske mre\u017ee brodskih linija,o postupcima vezanim za transport i carinske potrebe va\u0161e robe,o dostupnosti prostora na brodu, o prose\u010dnom vremenu isporuke i o tro\u0161kovima  prevoza.<br \/><br \/>\r\nFairplay ima punu podr\u0161ku i po\u0161tovanje svih brodskih linija. U kombinaciji sa godi\u0161njim obimom isporuke,u prednosti smo da na\u0161im kupcima mo\u017eemo daponudimo <b>najpovoljnije tarife<\/b> za jedanu od vodec\u0301ih svetskih brodskih linija.<br \/><br \/>\r\nZa neposrednu i brzu koordinaciju na\u0161eg rada, odr\u017eavamo kancelariju u okviru Slobodne zone Solunske Luke, u blizini Kontejnerskog terminala (Container Terminal). To nam daje moguc\u0301nost da brzo a\u017euriranja klijenate i re\u0161avanje bilo kog novjavljenog problema na direktan i efikasan na\u010din. Kancelariju \u010dini stalno zaposleno osoblje sa carinskim agenom,ista ja podr\u017eana kompletnom neophodnom  kompijuterizacijom.<br \/><br \/>\r\nRadujemo se prijemu va\u0161ih budu\u0107ih zahteva,i jedan od na\u0161ih dobro obu\u010denih rukovodioca odeljenja za  prodaju, li\u010dno c\u0301e sagledati i odgovoriti na sva va\u0161a pitanja!\r\n<\/div>  \r\n","protected":false},"excerpt":{"rendered":"Evo jednog od mogu\u0107ih na\u010dina popunjavanja kontejnera paletama. Primeri su indikativni. Dimenzije Evro-paleta: 800mm x 1200mm Dimenzije standardnih paleta: 1000mm x 1200mm Sve va\u0161e rezervacije bi\u0107e prac\u0301ene intenzivnim monitoringom i brzim protokom informacija. Specijalno obu\u010deno osoblje c\u0301e se pobrinuti sa najvec\u0301om pa\u017enjom za va\u0161 izvoz \/ uvoz pru\u017eaju\u0107i vam sa najboljim moguc\u0301im opcijama za svoje &hellip; <a href=\"https:\/\/www.cosmatosgroup.com\/fairplay\/informacije\/grupaz-punjenje-kontejnera\/\" class=\"more-link\">\u0394\u03b9\u03b1\u03b2\u03ac\u03c3\u03c4\u03b5 \u03c0\u03b5\u03c1\u03b9\u03c3\u03c3\u03cc\u03c4\u03b5\u03c1\u03b1<span class=\"screen-reader-text\"> &#8220;Grupa\u017e &#038; Punjenje Kontejnera&#8221;<\/span><\/a>","protected":false},"author":1,"featured_media":0,"parent":3519,"menu_order":1,"comment_status":"closed","ping_status":"closed","template":"","meta":[],"yst_prominent_words":[],"_links":{"self":[{"href":"https:\/\/www.cosmatosgroup.com\/fairplay\/wp-json\/wp\/v2\/pages\/3524"}],"collection":[{"href":"https:\/\/www.cosmatosgroup.com\/fairplay\/wp-json\/wp\/v2\/pages"}],"about":[{"href":"https:\/\/www.cosmatosgroup.com\/fairplay\/wp-json\/wp\/v2\/types\/page"}],"author":[{"embeddable":true,"href":"https:\/\/www.cosmatosgroup.com\/fairplay\/wp-json\/wp\/v2\/users\/1"}],"replies":[{"embeddable":true,"href":"https:\/\/www.cosmatosgroup.com\/fairplay\/wp-json\/wp\/v2\/comments?post=3524"}],"version-history":[{"count":2,"href":"https:\/\/www.cosmatosgroup.com\/fairplay\/wp-json\/wp\/v2\/pages\/3524\/revisions"}],"predecessor-version":[{"id":3632,"href":"https:\/\/www.cosmatosgroup.com\/fairplay\/wp-json\/wp\/v2\/pages\/3524\/revisions\/3632"}],"up":[{"embeddable":true,"href":"https:\/\/www.cosmatosgroup.com\/fairplay\/wp-json\/wp\/v2\/pages\/3519"}],"wp:attachment":[{"href":"https:\/\/www.cosmatosgroup.com\/fairplay\/wp-json\/wp\/v2\/media?parent=3524"}],"wp:term":[{"taxonomy":"yst_prominent_words","embeddable":true,"href":"https:\/\/www.cosmatosgroup.com\/fairplay\/wp-json\/wp\/v2\/yst_prominent_words?post=3524"}],"curies":[{"name":"wp","href":"https:\/\/api.w.org\/{rel}","templated":true}]}}